{"id":7,"date":"2025-05-19T10:08:12","date_gmt":"2025-05-19T10:08:12","guid":{"rendered":"https:\/\/hotelcontinental.no\/?page_id=7"},"modified":"2026-04-09T11:10:03","modified_gmt":"2026-04-09T11:10:03","slug":"home","status":"publish","type":"page","link":"https:\/\/hotelcontinental.no\/en\/","title":{"rendered":"CONTINENTAL HOTEL"},"content":{"rendered":"","protected":false},"excerpt":{"rendered":"","protected":false},"author":1,"featured_media":0,"parent":0,"menu_order":24,"comment_status":"closed","ping_status":"closed","template":"homepage.php","meta":{"_acf_changed":false,"inline_featured_image":false,"footnotes":""},"class_list":["post-7","page","type-page","status-publish","hentry"],"acf":[],"yoast_head":"<!-- This site is optimized with the Yoast SEO plugin v25.8 - https:\/\/yoast.com\/wordpress\/plugins\/seo\/ -->\n<title>Femstjerners luksushotell i Oslo | Hotel Continental<\/title>\n<meta name=\"description\" content=\"Bo p\u00e5 Hotel Continental, et femstjerners hotell i Oslo sentrum, og nyt f\u00f8rsteklasses service, eleganse og en unik beliggenhet n\u00e6r byens beste attraksjoner.\" \/>\n<meta name=\"robots\" content=\"index, follow, max-snippet:-1, max-image-preview:large, max-video-preview:-1\" \/>\n<link rel=\"canonical\" href=\"https:\/\/hotelcontinental.no\/en\/\" \/>\n<meta property=\"og:locale\" content=\"en_US\" \/>\n<meta property=\"og:type\" content=\"article\" \/>\n<meta property=\"og:title\" content=\"Femstjerners luksushotell i Oslo | Hotel Continental\" \/>\n<meta property=\"og:description\" content=\"Bo p\u00e5 Hotel Continental, et femstjerners hotell i Oslo sentrum, og nyt f\u00f8rsteklasses service, eleganse og en unik beliggenhet n\u00e6r byens beste attraksjoner.\" \/>\n<meta property=\"og:url\" content=\"https:\/\/hotelcontinental.no\/en\/\" \/>\n<meta property=\"og:site_name\" content=\"HOTEL CONTINENTAL\" \/>\n<meta property=\"article:modified_time\" content=\"2026-04-09T11:10:03+00:00\" \/>\n<meta name=\"twitter:card\" content=\"summary_large_image\" \/>\n<script type=\"application\/ld+json\" class=\"yoast-schema-graph\">{\"@context\":\"https:\/\/schema.org\",\"@graph\":[{\"@type\":\"WebPage\",\"@id\":\"https:\/\/hotelcontinental.no\/\",\"url\":\"https:\/\/hotelcontinental.no\/\",\"name\":\"Femstjerners luksushotell i Oslo | Hotel Continental\",\"isPartOf\":{\"@id\":\"https:\/\/hotelcontinental.no\/#website\"},\"datePublished\":\"2025-05-19T10:08:12+00:00\",\"dateModified\":\"2026-04-09T11:10:03+00:00\",\"description\":\"Bo p\u00e5 Hotel Continental, et femstjerners hotell i Oslo sentrum, og nyt f\u00f8rsteklasses service, eleganse og en unik beliggenhet n\u00e6r byens beste attraksjoner.\",\"breadcrumb\":{\"@id\":\"https:\/\/hotelcontinental.no\/#breadcrumb\"},\"inLanguage\":\"en-US\",\"potentialAction\":[{\"@type\":\"ReadAction\",\"target\":[\"https:\/\/hotelcontinental.no\/\"]}]},{\"@type\":\"BreadcrumbList\",\"@id\":\"https:\/\/hotelcontinental.no\/#breadcrumb\",\"itemListElement\":[{\"@type\":\"ListItem\",\"position\":1,\"name\":\"Home\",\"item\":\"https:\/\/hotelcontinental.no\/\"},{\"@type\":\"ListItem\",\"position\":2,\"name\":\"HOTEL CONTINENTAL\"}]},{\"@type\":\"WebSite\",\"@id\":\"https:\/\/hotelcontinental.no\/#website\",\"url\":\"https:\/\/hotelcontinental.no\/\",\"name\":\"HOTEL CONTINENTAL\",\"description\":\"\",\"potentialAction\":[{\"@type\":\"SearchAction\",\"target\":{\"@type\":\"EntryPoint\",\"urlTemplate\":\"https:\/\/hotelcontinental.no\/?s={search_term_string}\"},\"query-input\":{\"@type\":\"PropertyValueSpecification\",\"valueRequired\":true,\"valueName\":\"search_term_string\"}}],\"inLanguage\":\"en-US\"}]}<\/script>\n<!-- \/ Yoast SEO plugin. -->","yoast_head_json":{"title":"Five-Star Luxury Hotel in Oslo | Hotel Continental","description":"Stay at Hotel Continental, a five-star hotel in central Oslo. Enjoy first-class service, timeless elegance and a prime location.","robots":{"index":"index","follow":"follow","max-snippet":"max-snippet:-1","max-image-preview":"max-image-preview:large","max-video-preview":"max-video-preview:-1"},"canonical":"https:\/\/hotelcontinental.no\/en\/","og_locale":"en_US","og_type":"article","og_title":"Femstjerners luksushotell i Oslo | Hotel Continental","og_description":"Bo p\u00e5 Hotel Continental, et femstjerners hotell i Oslo sentrum, og nyt f\u00f8rsteklasses service, eleganse og en unik beliggenhet n\u00e6r byens beste attraksjoner.","og_url":"https:\/\/hotelcontinental.no\/en\/","og_site_name":"HOTEL CONTINENTAL","article_modified_time":"2026-04-09T11:10:03+00:00","twitter_card":"summary_large_image","schema":{"@context":"https:\/\/schema.org","@graph":[{"@type":"WebPage","@id":"https:\/\/hotelcontinental.no\/","url":"https:\/\/hotelcontinental.no\/","name":"Five-Star Luxury Hotel in Oslo | Hotel Continental","isPartOf":{"@id":"https:\/\/hotelcontinental.no\/#website"},"datePublished":"2025-05-19T10:08:12+00:00","dateModified":"2026-04-09T11:10:03+00:00","description":"Stay at Hotel Continental, a five-star hotel in central Oslo. Enjoy first-class service, timeless elegance and a prime location.","breadcrumb":{"@id":"https:\/\/hotelcontinental.no\/#breadcrumb"},"inLanguage":"en-US","potentialAction":[{"@type":"ReadAction","target":["https:\/\/hotelcontinental.no\/"]}]},{"@type":"BreadcrumbList","@id":"https:\/\/hotelcontinental.no\/#breadcrumb","itemListElement":[{"@type":"ListItem","position":1,"name":"Home","item":"https:\/\/hotelcontinental.no\/"},{"@type":"ListItem","position":2,"name":"HOTEL CONTINENTAL"}]},{"@type":"WebSite","@id":"https:\/\/hotelcontinental.no\/#website","url":"https:\/\/hotelcontinental.no\/","name":"CONTINENTAL HOTEL","description":"","potentialAction":[{"@type":"SearchAction","target":{"@type":"EntryPoint","urlTemplate":"https:\/\/hotelcontinental.no\/?s={search_term_string}"},"query-input":{"@type":"PropertyValueSpecification","valueRequired":true,"valueName":"search_term_string"}}],"inLanguage":"en-US"}]}},"_links":{"self":[{"href":"https:\/\/hotelcontinental.no\/en\/wp-json\/wp\/v2\/pages\/7","targetHints":{"allow":["GET"]}}],"collection":[{"href":"https:\/\/hotelcontinental.no\/en\/wp-json\/wp\/v2\/pages"}],"about":[{"href":"https:\/\/hotelcontinental.no\/en\/wp-json\/wp\/v2\/types\/page"}],"author":[{"embeddable":true,"href":"https:\/\/hotelcontinental.no\/en\/wp-json\/wp\/v2\/users\/1"}],"replies":[{"embeddable":true,"href":"https:\/\/hotelcontinental.no\/en\/wp-json\/wp\/v2\/comments?post=7"}],"version-history":[{"count":230,"href":"https:\/\/hotelcontinental.no\/en\/wp-json\/wp\/v2\/pages\/7\/revisions"}],"predecessor-version":[{"id":4403,"href":"https:\/\/hotelcontinental.no\/en\/wp-json\/wp\/v2\/pages\/7\/revisions\/4403"}],"wp:attachment":[{"href":"https:\/\/hotelcontinental.no\/en\/wp-json\/wp\/v2\/media?parent=7"}],"curies":[{"name":"wp","href":"https:\/\/api.w.org\/{rel}","templated":true}]}}