{"id":2066,"date":"2025-10-09T06:07:36","date_gmt":"2025-10-09T06:07:36","guid":{"rendered":"https:\/\/hotelcontinental.no\/?page_id=2066"},"modified":"2026-02-27T11:15:38","modified_gmt":"2026-02-27T11:15:38","slug":"our-story","status":"publish","type":"page","link":"https:\/\/hotelcontinental.no\/en\/about\/our-story\/","title":{"rendered":"The story"},"content":{"rendered":"","protected":false},"excerpt":{"rendered":"","protected":false},"author":1,"featured_media":0,"parent":2552,"menu_order":23,"comment_status":"closed","ping_status":"closed","template":"about-us-leading.php","meta":{"_acf_changed":false,"inline_featured_image":false,"footnotes":""},"class_list":["post-2066","page","type-page","status-publish","hentry"],"acf":[],"yoast_head":"<!-- This site is optimized with the Yoast SEO plugin v25.8 - https:\/\/yoast.com\/wordpress\/plugins\/seo\/ -->\n<title>V\u00e5r rike historie i Oslo | Hotel Continental<\/title>\n<meta name=\"description\" content=\"Hotel Continental har v\u00e6rt en familiedrevet institusjon siden 1900, kjent for sin n\u00e6rhet til Nationaltheatret og sin status som et kulturelt knutepunkt i Oslo.\" \/>\n<meta name=\"robots\" content=\"index, follow, max-snippet:-1, max-image-preview:large, max-video-preview:-1\" \/>\n<link rel=\"canonical\" href=\"https:\/\/hotelcontinental.no\/en\/about\/our-story\/\" \/>\n<meta property=\"og:locale\" content=\"en_US\" \/>\n<meta property=\"og:type\" content=\"article\" \/>\n<meta property=\"og:title\" content=\"V\u00e5r rike historie i Oslo | Hotel Continental\" \/>\n<meta property=\"og:description\" content=\"Hotel Continental har v\u00e6rt en familiedrevet institusjon siden 1900, kjent for sin n\u00e6rhet til Nationaltheatret og sin status som et kulturelt knutepunkt i Oslo.\" \/>\n<meta property=\"og:url\" content=\"https:\/\/hotelcontinental.no\/en\/about\/our-story\/\" \/>\n<meta property=\"og:site_name\" content=\"HOTEL CONTINENTAL\" \/>\n<meta property=\"article:modified_time\" content=\"2026-02-27T11:15:38+00:00\" \/>\n<meta name=\"twitter:card\" content=\"summary_large_image\" \/>\n<script type=\"application\/ld+json\" class=\"yoast-schema-graph\">{\"@context\":\"https:\/\/schema.org\",\"@graph\":[{\"@type\":\"WebPage\",\"@id\":\"https:\/\/hotelcontinental.no\/om-oss\/historien\/\",\"url\":\"https:\/\/hotelcontinental.no\/om-oss\/historien\/\",\"name\":\"V\u00e5r rike historie i Oslo | Hotel Continental\",\"isPartOf\":{\"@id\":\"https:\/\/hotelcontinental.no\/#website\"},\"datePublished\":\"2025-10-09T06:07:36+00:00\",\"dateModified\":\"2026-02-27T11:15:38+00:00\",\"description\":\"Hotel Continental har v\u00e6rt en familiedrevet institusjon siden 1900, kjent for sin n\u00e6rhet til Nationaltheatret og sin status som et kulturelt knutepunkt i Oslo.\",\"breadcrumb\":{\"@id\":\"https:\/\/hotelcontinental.no\/om-oss\/historien\/#breadcrumb\"},\"inLanguage\":\"en-US\",\"potentialAction\":[{\"@type\":\"ReadAction\",\"target\":[\"https:\/\/hotelcontinental.no\/om-oss\/historien\/\"]}]},{\"@type\":\"BreadcrumbList\",\"@id\":\"https:\/\/hotelcontinental.no\/om-oss\/historien\/#breadcrumb\",\"itemListElement\":[{\"@type\":\"ListItem\",\"position\":1,\"name\":\"Home\",\"item\":\"https:\/\/hotelcontinental.no\/\"},{\"@type\":\"ListItem\",\"position\":2,\"name\":\"Om Oss\",\"item\":\"https:\/\/hotelcontinental.no\/om-oss\/\"},{\"@type\":\"ListItem\",\"position\":3,\"name\":\"Historien\"}]},{\"@type\":\"WebSite\",\"@id\":\"https:\/\/hotelcontinental.no\/#website\",\"url\":\"https:\/\/hotelcontinental.no\/\",\"name\":\"HOTEL CONTINENTAL\",\"description\":\"\",\"potentialAction\":[{\"@type\":\"SearchAction\",\"target\":{\"@type\":\"EntryPoint\",\"urlTemplate\":\"https:\/\/hotelcontinental.no\/?s={search_term_string}\"},\"query-input\":{\"@type\":\"PropertyValueSpecification\",\"valueRequired\":true,\"valueName\":\"search_term_string\"}}],\"inLanguage\":\"en-US\"}]}<\/script>\n<!-- \/ Yoast SEO plugin. -->","yoast_head_json":{"title":"Our Rich History in Oslo | Hotel Continental","description":"Hotel Continental has been a family-run institution since 1900, known for its proximity to the National Theater and its status as a cultural hub in Oslo.","robots":{"index":"index","follow":"follow","max-snippet":"max-snippet:-1","max-image-preview":"max-image-preview:large","max-video-preview":"max-video-preview:-1"},"canonical":"https:\/\/hotelcontinental.no\/en\/about\/our-story\/","og_locale":"en_US","og_type":"article","og_title":"V\u00e5r rike historie i Oslo | Hotel Continental","og_description":"Hotel Continental har v\u00e6rt en familiedrevet institusjon siden 1900, kjent for sin n\u00e6rhet til Nationaltheatret og sin status som et kulturelt knutepunkt i Oslo.","og_url":"https:\/\/hotelcontinental.no\/en\/about\/our-story\/","og_site_name":"HOTEL CONTINENTAL","article_modified_time":"2026-02-27T11:15:38+00:00","twitter_card":"summary_large_image","schema":{"@context":"https:\/\/schema.org","@graph":[{"@type":"WebPage","@id":"https:\/\/hotelcontinental.no\/om-oss\/historien\/","url":"https:\/\/hotelcontinental.no\/om-oss\/historien\/","name":"Our Rich History in Oslo | Hotel Continental","isPartOf":{"@id":"https:\/\/hotelcontinental.no\/#website"},"datePublished":"2025-10-09T06:07:36+00:00","dateModified":"2026-02-27T11:15:38+00:00","description":"Hotel Continental has been a family-run institution since 1900, known for its proximity to the National Theater and its status as a cultural hub in Oslo.","breadcrumb":{"@id":"https:\/\/hotelcontinental.no\/om-oss\/historien\/#breadcrumb"},"inLanguage":"en-US","potentialAction":[{"@type":"ReadAction","target":["https:\/\/hotelcontinental.no\/om-oss\/historien\/"]}]},{"@type":"BreadcrumbList","@id":"https:\/\/hotelcontinental.no\/om-oss\/historien\/#breadcrumb","itemListElement":[{"@type":"ListItem","position":1,"name":"Home","item":"https:\/\/hotelcontinental.no\/"},{"@type":"ListItem","position":2,"name":"Om Oss","item":"https:\/\/hotelcontinental.no\/om-oss\/"},{"@type":"ListItem","position":3,"name":"Historien"}]},{"@type":"WebSite","@id":"https:\/\/hotelcontinental.no\/#website","url":"https:\/\/hotelcontinental.no\/","name":"CONTINENTAL HOTEL","description":"","potentialAction":[{"@type":"SearchAction","target":{"@type":"EntryPoint","urlTemplate":"https:\/\/hotelcontinental.no\/?s={search_term_string}"},"query-input":{"@type":"PropertyValueSpecification","valueRequired":true,"valueName":"search_term_string"}}],"inLanguage":"en-US"}]}},"_links":{"self":[{"href":"https:\/\/hotelcontinental.no\/en\/wp-json\/wp\/v2\/pages\/2066","targetHints":{"allow":["GET"]}}],"collection":[{"href":"https:\/\/hotelcontinental.no\/en\/wp-json\/wp\/v2\/pages"}],"about":[{"href":"https:\/\/hotelcontinental.no\/en\/wp-json\/wp\/v2\/types\/page"}],"author":[{"embeddable":true,"href":"https:\/\/hotelcontinental.no\/en\/wp-json\/wp\/v2\/users\/1"}],"replies":[{"embeddable":true,"href":"https:\/\/hotelcontinental.no\/en\/wp-json\/wp\/v2\/comments?post=2066"}],"version-history":[{"count":31,"href":"https:\/\/hotelcontinental.no\/en\/wp-json\/wp\/v2\/pages\/2066\/revisions"}],"predecessor-version":[{"id":4038,"href":"https:\/\/hotelcontinental.no\/en\/wp-json\/wp\/v2\/pages\/2066\/revisions\/4038"}],"up":[{"embeddable":true,"href":"https:\/\/hotelcontinental.no\/en\/wp-json\/wp\/v2\/pages\/2552"}],"wp:attachment":[{"href":"https:\/\/hotelcontinental.no\/en\/wp-json\/wp\/v2\/media?parent=2066"}],"curies":[{"name":"wp","href":"https:\/\/api.w.org\/{rel}","templated":true}]}}