{"id":2007,"date":"2025-10-08T11:57:47","date_gmt":"2025-10-08T11:57:47","guid":{"rendered":"https:\/\/hotelcontinental.no\/?page_id=2007"},"modified":"2026-02-27T11:26:38","modified_gmt":"2026-02-27T11:26:38","slug":"shopping","status":"publish","type":"page","link":"https:\/\/hotelcontinental.no\/en\/about\/shopping\/","title":{"rendered":"Shopping"},"content":{"rendered":"","protected":false},"excerpt":{"rendered":"","protected":false},"author":1,"featured_media":0,"parent":2552,"menu_order":37,"comment_status":"closed","ping_status":"closed","template":"shopping.php","meta":{"_acf_changed":false,"inline_featured_image":false,"footnotes":""},"class_list":["post-2007","page","type-page","status-publish","hentry"],"acf":[],"yoast_head":"<!-- This site is optimized with the Yoast SEO plugin v25.8 - https:\/\/yoast.com\/wordpress\/plugins\/seo\/ -->\n<title>Shopping n\u00e6r hotellet i Oslo | Hotel Continental<\/title>\n<meta name=\"description\" content=\"Hotel Continental ligger i hjertet av Oslo, n\u00e6r luksuri\u00f8se butikker som Louis Vuitton, Gucci og Herm\u00e8s, samt varehusene Paleet, Steen &amp; Str\u00f8m og Eger.\" \/>\n<meta name=\"robots\" content=\"index, follow, max-snippet:-1, max-image-preview:large, max-video-preview:-1\" \/>\n<link rel=\"canonical\" href=\"https:\/\/hotelcontinental.no\/en\/about\/shopping\/\" \/>\n<meta property=\"og:locale\" content=\"en_US\" \/>\n<meta property=\"og:type\" content=\"article\" \/>\n<meta property=\"og:title\" content=\"Shopping n\u00e6r hotellet i Oslo | Hotel Continental\" \/>\n<meta property=\"og:description\" content=\"Hotel Continental ligger i hjertet av Oslo, n\u00e6r luksuri\u00f8se butikker som Louis Vuitton, Gucci og Herm\u00e8s, samt varehusene Paleet, Steen &amp; Str\u00f8m og Eger.\" \/>\n<meta property=\"og:url\" content=\"https:\/\/hotelcontinental.no\/en\/about\/shopping\/\" \/>\n<meta property=\"og:site_name\" content=\"HOTEL CONTINENTAL\" \/>\n<meta property=\"article:modified_time\" content=\"2026-02-27T11:26:38+00:00\" \/>\n<meta name=\"twitter:card\" content=\"summary_large_image\" \/>\n<script type=\"application\/ld+json\" class=\"yoast-schema-graph\">{\"@context\":\"https:\/\/schema.org\",\"@graph\":[{\"@type\":\"WebPage\",\"@id\":\"https:\/\/hotelcontinental.no\/om-oss\/shopping\/\",\"url\":\"https:\/\/hotelcontinental.no\/om-oss\/shopping\/\",\"name\":\"Shopping n\u00e6r hotellet i Oslo | Hotel Continental\",\"isPartOf\":{\"@id\":\"https:\/\/hotelcontinental.no\/#website\"},\"datePublished\":\"2025-10-08T11:57:47+00:00\",\"dateModified\":\"2026-02-27T11:26:38+00:00\",\"description\":\"Hotel Continental ligger i hjertet av Oslo, n\u00e6r luksuri\u00f8se butikker som Louis Vuitton, Gucci og Herm\u00e8s, samt varehusene Paleet, Steen & Str\u00f8m og Eger.\",\"breadcrumb\":{\"@id\":\"https:\/\/hotelcontinental.no\/om-oss\/shopping\/#breadcrumb\"},\"inLanguage\":\"en-US\",\"potentialAction\":[{\"@type\":\"ReadAction\",\"target\":[\"https:\/\/hotelcontinental.no\/om-oss\/shopping\/\"]}]},{\"@type\":\"BreadcrumbList\",\"@id\":\"https:\/\/hotelcontinental.no\/om-oss\/shopping\/#breadcrumb\",\"itemListElement\":[{\"@type\":\"ListItem\",\"position\":1,\"name\":\"Home\",\"item\":\"https:\/\/hotelcontinental.no\/\"},{\"@type\":\"ListItem\",\"position\":2,\"name\":\"Om Oss\",\"item\":\"https:\/\/hotelcontinental.no\/om-oss\/\"},{\"@type\":\"ListItem\",\"position\":3,\"name\":\"Shopping\"}]},{\"@type\":\"WebSite\",\"@id\":\"https:\/\/hotelcontinental.no\/#website\",\"url\":\"https:\/\/hotelcontinental.no\/\",\"name\":\"HOTEL CONTINENTAL\",\"description\":\"\",\"potentialAction\":[{\"@type\":\"SearchAction\",\"target\":{\"@type\":\"EntryPoint\",\"urlTemplate\":\"https:\/\/hotelcontinental.no\/?s={search_term_string}\"},\"query-input\":{\"@type\":\"PropertyValueSpecification\",\"valueRequired\":true,\"valueName\":\"search_term_string\"}}],\"inLanguage\":\"en-US\"}]}<\/script>\n<!-- \/ Yoast SEO plugin. -->","yoast_head_json":{"title":"Shopping near the Hotel in Oslo | Hotel Continental","description":"Steps from Louis Vuitton, Gucci, Herm\u00e8s and the department stores Paleet, Steen &amp; Str\u00f8m and Eger. Prime shopping from Hotel Continental.","robots":{"index":"index","follow":"follow","max-snippet":"max-snippet:-1","max-image-preview":"max-image-preview:large","max-video-preview":"max-video-preview:-1"},"canonical":"https:\/\/hotelcontinental.no\/en\/about\/shopping\/","og_locale":"en_US","og_type":"article","og_title":"Shopping n\u00e6r hotellet i Oslo | Hotel Continental","og_description":"Hotel Continental ligger i hjertet av Oslo, n\u00e6r luksuri\u00f8se butikker som Louis Vuitton, Gucci og Herm\u00e8s, samt varehusene Paleet, Steen & Str\u00f8m og Eger.","og_url":"https:\/\/hotelcontinental.no\/en\/about\/shopping\/","og_site_name":"HOTEL CONTINENTAL","article_modified_time":"2026-02-27T11:26:38+00:00","twitter_card":"summary_large_image","schema":{"@context":"https:\/\/schema.org","@graph":[{"@type":"WebPage","@id":"https:\/\/hotelcontinental.no\/om-oss\/shopping\/","url":"https:\/\/hotelcontinental.no\/om-oss\/shopping\/","name":"Shopping near the Hotel in Oslo | Hotel Continental","isPartOf":{"@id":"https:\/\/hotelcontinental.no\/#website"},"datePublished":"2025-10-08T11:57:47+00:00","dateModified":"2026-02-27T11:26:38+00:00","description":"Steps from Louis Vuitton, Gucci, Herm\u00e8s and the department stores Paleet, Steen &amp; Str\u00f8m and Eger. Prime shopping from Hotel Continental.","breadcrumb":{"@id":"https:\/\/hotelcontinental.no\/om-oss\/shopping\/#breadcrumb"},"inLanguage":"en-US","potentialAction":[{"@type":"ReadAction","target":["https:\/\/hotelcontinental.no\/om-oss\/shopping\/"]}]},{"@type":"BreadcrumbList","@id":"https:\/\/hotelcontinental.no\/om-oss\/shopping\/#breadcrumb","itemListElement":[{"@type":"ListItem","position":1,"name":"Home","item":"https:\/\/hotelcontinental.no\/"},{"@type":"ListItem","position":2,"name":"Om Oss","item":"https:\/\/hotelcontinental.no\/om-oss\/"},{"@type":"ListItem","position":3,"name":"Shopping"}]},{"@type":"WebSite","@id":"https:\/\/hotelcontinental.no\/#website","url":"https:\/\/hotelcontinental.no\/","name":"CONTINENTAL HOTEL","description":"","potentialAction":[{"@type":"SearchAction","target":{"@type":"EntryPoint","urlTemplate":"https:\/\/hotelcontinental.no\/?s={search_term_string}"},"query-input":{"@type":"PropertyValueSpecification","valueRequired":true,"valueName":"search_term_string"}}],"inLanguage":"en-US"}]}},"_links":{"self":[{"href":"https:\/\/hotelcontinental.no\/en\/wp-json\/wp\/v2\/pages\/2007","targetHints":{"allow":["GET"]}}],"collection":[{"href":"https:\/\/hotelcontinental.no\/en\/wp-json\/wp\/v2\/pages"}],"about":[{"href":"https:\/\/hotelcontinental.no\/en\/wp-json\/wp\/v2\/types\/page"}],"author":[{"embeddable":true,"href":"https:\/\/hotelcontinental.no\/en\/wp-json\/wp\/v2\/users\/1"}],"replies":[{"embeddable":true,"href":"https:\/\/hotelcontinental.no\/en\/wp-json\/wp\/v2\/comments?post=2007"}],"version-history":[{"count":39,"href":"https:\/\/hotelcontinental.no\/en\/wp-json\/wp\/v2\/pages\/2007\/revisions"}],"predecessor-version":[{"id":4001,"href":"https:\/\/hotelcontinental.no\/en\/wp-json\/wp\/v2\/pages\/2007\/revisions\/4001"}],"up":[{"embeddable":true,"href":"https:\/\/hotelcontinental.no\/en\/wp-json\/wp\/v2\/pages\/2552"}],"wp:attachment":[{"href":"https:\/\/hotelcontinental.no\/en\/wp-json\/wp\/v2\/media?parent=2007"}],"curies":[{"name":"wp","href":"https:\/\/api.w.org\/{rel}","templated":true}]}}