{"id":2005,"date":"2025-10-08T11:46:19","date_gmt":"2025-10-08T11:46:19","guid":{"rendered":"https:\/\/hotelcontinental.no\/?page_id=2005"},"modified":"2026-02-27T11:12:51","modified_gmt":"2026-02-27T11:12:51","slug":"faq","status":"publish","type":"page","link":"https:\/\/hotelcontinental.no\/en\/about\/faq\/","title":{"rendered":"FAQ"},"content":{"rendered":"","protected":false},"excerpt":{"rendered":"","protected":false},"author":1,"featured_media":0,"parent":2552,"menu_order":20,"comment_status":"closed","ping_status":"closed","template":"about-us-leading.php","meta":{"_acf_changed":false,"inline_featured_image":false,"footnotes":""},"class_list":["post-2005","page","type-page","status-publish","hentry"],"acf":[],"yoast_head":"<!-- This site is optimized with the Yoast SEO plugin v25.8 - https:\/\/yoast.com\/wordpress\/plugins\/seo\/ -->\n<title>Ofte stilte sp\u00f8rsm\u00e5l (FAQ) | Hotel Continental<\/title>\n<meta name=\"description\" content=\"Svar p\u00e5 vanlige sp\u00f8rsm\u00e5l om opphold p\u00e5 Hotel Continental Oslo \u2013 booking, romfasiliteter, frokost, parkering og mer.\" \/>\n<meta name=\"robots\" content=\"index, follow, max-snippet:-1, max-image-preview:large, max-video-preview:-1\" \/>\n<link rel=\"canonical\" href=\"https:\/\/hotelcontinental.no\/en\/about\/faq\/\" \/>\n<meta property=\"og:locale\" content=\"en_US\" \/>\n<meta property=\"og:type\" content=\"article\" \/>\n<meta property=\"og:title\" content=\"Ofte stilte sp\u00f8rsm\u00e5l (FAQ) | Hotel Continental\" \/>\n<meta property=\"og:description\" content=\"Svar p\u00e5 vanlige sp\u00f8rsm\u00e5l om opphold p\u00e5 Hotel Continental Oslo \u2013 booking, romfasiliteter, frokost, parkering og mer.\" \/>\n<meta property=\"og:url\" content=\"https:\/\/hotelcontinental.no\/en\/about\/faq\/\" \/>\n<meta property=\"og:site_name\" content=\"HOTEL CONTINENTAL\" \/>\n<meta property=\"article:modified_time\" content=\"2026-02-27T11:12:51+00:00\" \/>\n<meta name=\"twitter:card\" content=\"summary_large_image\" \/>\n<script type=\"application\/ld+json\" class=\"yoast-schema-graph\">{\"@context\":\"https:\/\/schema.org\",\"@graph\":[{\"@type\":\"WebPage\",\"@id\":\"https:\/\/hotelcontinental.no\/om-oss\/faq\/\",\"url\":\"https:\/\/hotelcontinental.no\/om-oss\/faq\/\",\"name\":\"Ofte stilte sp\u00f8rsm\u00e5l (FAQ) | Hotel Continental\",\"isPartOf\":{\"@id\":\"https:\/\/hotelcontinental.no\/#website\"},\"datePublished\":\"2025-10-08T11:46:19+00:00\",\"dateModified\":\"2026-02-27T11:12:51+00:00\",\"description\":\"Svar p\u00e5 vanlige sp\u00f8rsm\u00e5l om opphold p\u00e5 Hotel Continental Oslo \u2013 booking, romfasiliteter, frokost, parkering og mer.\",\"breadcrumb\":{\"@id\":\"https:\/\/hotelcontinental.no\/om-oss\/faq\/#breadcrumb\"},\"inLanguage\":\"en-US\",\"potentialAction\":[{\"@type\":\"ReadAction\",\"target\":[\"https:\/\/hotelcontinental.no\/om-oss\/faq\/\"]}]},{\"@type\":\"BreadcrumbList\",\"@id\":\"https:\/\/hotelcontinental.no\/om-oss\/faq\/#breadcrumb\",\"itemListElement\":[{\"@type\":\"ListItem\",\"position\":1,\"name\":\"Home\",\"item\":\"https:\/\/hotelcontinental.no\/\"},{\"@type\":\"ListItem\",\"position\":2,\"name\":\"Om Oss\",\"item\":\"https:\/\/hotelcontinental.no\/om-oss\/\"},{\"@type\":\"ListItem\",\"position\":3,\"name\":\"FAQ\"}]},{\"@type\":\"WebSite\",\"@id\":\"https:\/\/hotelcontinental.no\/#website\",\"url\":\"https:\/\/hotelcontinental.no\/\",\"name\":\"HOTEL CONTINENTAL\",\"description\":\"\",\"potentialAction\":[{\"@type\":\"SearchAction\",\"target\":{\"@type\":\"EntryPoint\",\"urlTemplate\":\"https:\/\/hotelcontinental.no\/?s={search_term_string}\"},\"query-input\":{\"@type\":\"PropertyValueSpecification\",\"valueRequired\":true,\"valueName\":\"search_term_string\"}}],\"inLanguage\":\"en-US\"}]}<\/script>\n<!-- \/ Yoast SEO plugin. -->","yoast_head_json":{"title":"Frequently Asked Questions (FAQ) | Hotel Continental","description":"Answers to common questions about staying at Hotel Continental Oslo \u2013 booking, room facilities, breakfast, parking and more.","robots":{"index":"index","follow":"follow","max-snippet":"max-snippet:-1","max-image-preview":"max-image-preview:large","max-video-preview":"max-video-preview:-1"},"canonical":"https:\/\/hotelcontinental.no\/en\/about\/faq\/","og_locale":"en_US","og_type":"article","og_title":"Ofte stilte sp\u00f8rsm\u00e5l (FAQ) | Hotel Continental","og_description":"Svar p\u00e5 vanlige sp\u00f8rsm\u00e5l om opphold p\u00e5 Hotel Continental Oslo \u2013 booking, romfasiliteter, frokost, parkering og mer.","og_url":"https:\/\/hotelcontinental.no\/en\/about\/faq\/","og_site_name":"HOTEL CONTINENTAL","article_modified_time":"2026-02-27T11:12:51+00:00","twitter_card":"summary_large_image","schema":{"@context":"https:\/\/schema.org","@graph":[{"@type":"WebPage","@id":"https:\/\/hotelcontinental.no\/om-oss\/faq\/","url":"https:\/\/hotelcontinental.no\/om-oss\/faq\/","name":"Frequently Asked Questions (FAQ) | Hotel Continental","isPartOf":{"@id":"https:\/\/hotelcontinental.no\/#website"},"datePublished":"2025-10-08T11:46:19+00:00","dateModified":"2026-02-27T11:12:51+00:00","description":"Answers to common questions about staying at Hotel Continental Oslo \u2013 booking, room facilities, breakfast, parking and more.","breadcrumb":{"@id":"https:\/\/hotelcontinental.no\/om-oss\/faq\/#breadcrumb"},"inLanguage":"en-US","potentialAction":[{"@type":"ReadAction","target":["https:\/\/hotelcontinental.no\/om-oss\/faq\/"]}]},{"@type":"BreadcrumbList","@id":"https:\/\/hotelcontinental.no\/om-oss\/faq\/#breadcrumb","itemListElement":[{"@type":"ListItem","position":1,"name":"Home","item":"https:\/\/hotelcontinental.no\/"},{"@type":"ListItem","position":2,"name":"Om Oss","item":"https:\/\/hotelcontinental.no\/om-oss\/"},{"@type":"ListItem","position":3,"name":"FAQ"}]},{"@type":"WebSite","@id":"https:\/\/hotelcontinental.no\/#website","url":"https:\/\/hotelcontinental.no\/","name":"CONTINENTAL HOTEL","description":"","potentialAction":[{"@type":"SearchAction","target":{"@type":"EntryPoint","urlTemplate":"https:\/\/hotelcontinental.no\/?s={search_term_string}"},"query-input":{"@type":"PropertyValueSpecification","valueRequired":true,"valueName":"search_term_string"}}],"inLanguage":"en-US"}]}},"_links":{"self":[{"href":"https:\/\/hotelcontinental.no\/en\/wp-json\/wp\/v2\/pages\/2005","targetHints":{"allow":["GET"]}}],"collection":[{"href":"https:\/\/hotelcontinental.no\/en\/wp-json\/wp\/v2\/pages"}],"about":[{"href":"https:\/\/hotelcontinental.no\/en\/wp-json\/wp\/v2\/types\/page"}],"author":[{"embeddable":true,"href":"https:\/\/hotelcontinental.no\/en\/wp-json\/wp\/v2\/users\/1"}],"replies":[{"embeddable":true,"href":"https:\/\/hotelcontinental.no\/en\/wp-json\/wp\/v2\/comments?post=2005"}],"version-history":[{"count":63,"href":"https:\/\/hotelcontinental.no\/en\/wp-json\/wp\/v2\/pages\/2005\/revisions"}],"predecessor-version":[{"id":4223,"href":"https:\/\/hotelcontinental.no\/en\/wp-json\/wp\/v2\/pages\/2005\/revisions\/4223"}],"up":[{"embeddable":true,"href":"https:\/\/hotelcontinental.no\/en\/wp-json\/wp\/v2\/pages\/2552"}],"wp:attachment":[{"href":"https:\/\/hotelcontinental.no\/en\/wp-json\/wp\/v2\/media?parent=2005"}],"curies":[{"name":"wp","href":"https:\/\/api.w.org\/{rel}","templated":true}]}}