{"id":1925,"date":"2025-10-06T06:31:38","date_gmt":"2025-10-06T06:31:38","guid":{"rendered":"https:\/\/hotelcontinental.no\/?page_id=1925"},"modified":"2026-02-27T11:51:05","modified_gmt":"2026-02-27T11:51:05","slug":"terms-conditions","status":"publish","type":"page","link":"https:\/\/hotelcontinental.no\/en\/terms-conditions\/","title":{"rendered":"Terms &amp; Conditions"},"content":{"rendered":"","protected":false},"excerpt":{"rendered":"","protected":false},"author":1,"featured_media":0,"parent":0,"menu_order":38,"comment_status":"closed","ping_status":"closed","template":"terms&conditions_main.php","meta":{"_acf_changed":false,"inline_featured_image":false,"footnotes":""},"class_list":["post-1925","page","type-page","status-publish","hentry"],"acf":[],"yoast_head":"<!-- This site is optimized with the Yoast SEO plugin v25.8 - https:\/\/yoast.com\/wordpress\/plugins\/seo\/ -->\n<title>Vilk\u00e5r og betingelser | Hotel Continental<\/title>\n<meta name=\"description\" content=\"Les vilk\u00e5r og betingelser for opphold og bestillinger p\u00e5 Hotel Continental Oslo, inkludert avbestillingspolicy.\" \/>\n<meta name=\"robots\" content=\"index, follow, max-snippet:-1, max-image-preview:large, max-video-preview:-1\" \/>\n<link rel=\"canonical\" href=\"https:\/\/hotelcontinental.no\/en\/terms-conditions\/\" \/>\n<meta property=\"og:locale\" content=\"en_US\" \/>\n<meta property=\"og:type\" content=\"article\" \/>\n<meta property=\"og:title\" content=\"Vilk\u00e5r og betingelser | Hotel Continental\" \/>\n<meta property=\"og:description\" content=\"Les vilk\u00e5r og betingelser for opphold og bestillinger p\u00e5 Hotel Continental Oslo, inkludert avbestillingspolicy.\" \/>\n<meta property=\"og:url\" content=\"https:\/\/hotelcontinental.no\/en\/terms-conditions\/\" \/>\n<meta property=\"og:site_name\" content=\"HOTEL CONTINENTAL\" \/>\n<meta property=\"article:modified_time\" content=\"2026-02-27T11:51:05+00:00\" \/>\n<meta name=\"twitter:card\" content=\"summary_large_image\" \/>\n<script type=\"application\/ld+json\" class=\"yoast-schema-graph\">{\"@context\":\"https:\/\/schema.org\",\"@graph\":[{\"@type\":\"WebPage\",\"@id\":\"https:\/\/hotelcontinental.no\/terms-conditions\/\",\"url\":\"https:\/\/hotelcontinental.no\/terms-conditions\/\",\"name\":\"Vilk\u00e5r og betingelser | Hotel Continental\",\"isPartOf\":{\"@id\":\"https:\/\/hotelcontinental.no\/#website\"},\"datePublished\":\"2025-10-06T06:31:38+00:00\",\"dateModified\":\"2026-02-27T11:51:05+00:00\",\"description\":\"Les vilk\u00e5r og betingelser for opphold og bestillinger p\u00e5 Hotel Continental Oslo, inkludert avbestillingspolicy.\",\"breadcrumb\":{\"@id\":\"https:\/\/hotelcontinental.no\/terms-conditions\/#breadcrumb\"},\"inLanguage\":\"en-US\",\"potentialAction\":[{\"@type\":\"ReadAction\",\"target\":[\"https:\/\/hotelcontinental.no\/terms-conditions\/\"]}]},{\"@type\":\"BreadcrumbList\",\"@id\":\"https:\/\/hotelcontinental.no\/terms-conditions\/#breadcrumb\",\"itemListElement\":[{\"@type\":\"ListItem\",\"position\":1,\"name\":\"Home\",\"item\":\"https:\/\/hotelcontinental.no\/\"},{\"@type\":\"ListItem\",\"position\":2,\"name\":\"Terms &amp; Conditions\"}]},{\"@type\":\"WebSite\",\"@id\":\"https:\/\/hotelcontinental.no\/#website\",\"url\":\"https:\/\/hotelcontinental.no\/\",\"name\":\"HOTEL CONTINENTAL\",\"description\":\"\",\"potentialAction\":[{\"@type\":\"SearchAction\",\"target\":{\"@type\":\"EntryPoint\",\"urlTemplate\":\"https:\/\/hotelcontinental.no\/?s={search_term_string}\"},\"query-input\":{\"@type\":\"PropertyValueSpecification\",\"valueRequired\":true,\"valueName\":\"search_term_string\"}}],\"inLanguage\":\"en-US\"}]}<\/script>\n<!-- \/ Yoast SEO plugin. -->","yoast_head_json":{"title":"Terms &amp; Conditions | Hotel Continental","description":"Read the terms and conditions for stays and bookings at Hotel Continental Oslo, including cancellation policy and guest responsibilities.","robots":{"index":"index","follow":"follow","max-snippet":"max-snippet:-1","max-image-preview":"max-image-preview:large","max-video-preview":"max-video-preview:-1"},"canonical":"https:\/\/hotelcontinental.no\/en\/terms-conditions\/","og_locale":"en_US","og_type":"article","og_title":"Vilk\u00e5r og betingelser | Hotel Continental","og_description":"Les vilk\u00e5r og betingelser for opphold og bestillinger p\u00e5 Hotel Continental Oslo, inkludert avbestillingspolicy.","og_url":"https:\/\/hotelcontinental.no\/en\/terms-conditions\/","og_site_name":"HOTEL CONTINENTAL","article_modified_time":"2026-02-27T11:51:05+00:00","twitter_card":"summary_large_image","schema":{"@context":"https:\/\/schema.org","@graph":[{"@type":"WebPage","@id":"https:\/\/hotelcontinental.no\/terms-conditions\/","url":"https:\/\/hotelcontinental.no\/terms-conditions\/","name":"Terms &amp; Conditions | Hotel Continental","isPartOf":{"@id":"https:\/\/hotelcontinental.no\/#website"},"datePublished":"2025-10-06T06:31:38+00:00","dateModified":"2026-02-27T11:51:05+00:00","description":"Read the terms and conditions for stays and bookings at Hotel Continental Oslo, including cancellation policy and guest responsibilities.","breadcrumb":{"@id":"https:\/\/hotelcontinental.no\/terms-conditions\/#breadcrumb"},"inLanguage":"en-US","potentialAction":[{"@type":"ReadAction","target":["https:\/\/hotelcontinental.no\/terms-conditions\/"]}]},{"@type":"BreadcrumbList","@id":"https:\/\/hotelcontinental.no\/terms-conditions\/#breadcrumb","itemListElement":[{"@type":"ListItem","position":1,"name":"Home","item":"https:\/\/hotelcontinental.no\/"},{"@type":"ListItem","position":2,"name":"Terms &amp; Conditions"}]},{"@type":"WebSite","@id":"https:\/\/hotelcontinental.no\/#website","url":"https:\/\/hotelcontinental.no\/","name":"CONTINENTAL HOTEL","description":"","potentialAction":[{"@type":"SearchAction","target":{"@type":"EntryPoint","urlTemplate":"https:\/\/hotelcontinental.no\/?s={search_term_string}"},"query-input":{"@type":"PropertyValueSpecification","valueRequired":true,"valueName":"search_term_string"}}],"inLanguage":"en-US"}]}},"_links":{"self":[{"href":"https:\/\/hotelcontinental.no\/en\/wp-json\/wp\/v2\/pages\/1925","targetHints":{"allow":["GET"]}}],"collection":[{"href":"https:\/\/hotelcontinental.no\/en\/wp-json\/wp\/v2\/pages"}],"about":[{"href":"https:\/\/hotelcontinental.no\/en\/wp-json\/wp\/v2\/types\/page"}],"author":[{"embeddable":true,"href":"https:\/\/hotelcontinental.no\/en\/wp-json\/wp\/v2\/users\/1"}],"replies":[{"embeddable":true,"href":"https:\/\/hotelcontinental.no\/en\/wp-json\/wp\/v2\/comments?post=1925"}],"version-history":[{"count":3,"href":"https:\/\/hotelcontinental.no\/en\/wp-json\/wp\/v2\/pages\/1925\/revisions"}],"predecessor-version":[{"id":2652,"href":"https:\/\/hotelcontinental.no\/en\/wp-json\/wp\/v2\/pages\/1925\/revisions\/2652"}],"wp:attachment":[{"href":"https:\/\/hotelcontinental.no\/en\/wp-json\/wp\/v2\/media?parent=1925"}],"curies":[{"name":"wp","href":"https:\/\/api.w.org\/{rel}","templated":true}]}}