{"id":1902,"date":"2025-10-05T16:39:32","date_gmt":"2025-10-05T16:39:32","guid":{"rendered":"https:\/\/hotelcontinental.no\/?page_id=1902"},"modified":"2026-02-27T11:46:17","modified_gmt":"2026-02-27T11:46:17","slug":"transparency-act","status":"publish","type":"page","link":"https:\/\/hotelcontinental.no\/en\/transparency-act\/","title":{"rendered":"The Transparency Act"},"content":{"rendered":"","protected":false},"excerpt":{"rendered":"","protected":false},"author":1,"featured_media":0,"parent":0,"menu_order":17,"comment_status":"closed","ping_status":"closed","template":"transparency-act.php","meta":{"_acf_changed":false,"inline_featured_image":false,"footnotes":""},"class_list":["post-1902","page","type-page","status-publish","hentry"],"acf":[],"yoast_head":"<!-- This site is optimized with the Yoast SEO plugin v25.8 - https:\/\/yoast.com\/wordpress\/plugins\/seo\/ -->\n<title>\u00c5penhetsloven | Hotel Continental<\/title>\n<meta name=\"description\" content=\"Les om Hotel Continentals forpliktelser etter \u00e5penhetsloven og v\u00e5rt engasjement for etisk forretningspraksis.\" \/>\n<meta name=\"robots\" content=\"index, follow, max-snippet:-1, max-image-preview:large, max-video-preview:-1\" \/>\n<link rel=\"canonical\" href=\"https:\/\/hotelcontinental.no\/en\/transparency-act\/\" \/>\n<meta property=\"og:locale\" content=\"en_US\" \/>\n<meta property=\"og:type\" content=\"article\" \/>\n<meta property=\"og:title\" content=\"\u00c5penhetsloven | Hotel Continental\" \/>\n<meta property=\"og:description\" content=\"Les om Hotel Continentals forpliktelser etter \u00e5penhetsloven og v\u00e5rt engasjement for etisk forretningspraksis.\" \/>\n<meta property=\"og:url\" content=\"https:\/\/hotelcontinental.no\/en\/transparency-act\/\" \/>\n<meta property=\"og:site_name\" content=\"HOTEL CONTINENTAL\" \/>\n<meta property=\"article:modified_time\" content=\"2026-02-27T11:46:17+00:00\" \/>\n<meta name=\"twitter:card\" content=\"summary_large_image\" \/>\n<script type=\"application\/ld+json\" class=\"yoast-schema-graph\">{\"@context\":\"https:\/\/schema.org\",\"@graph\":[{\"@type\":\"WebPage\",\"@id\":\"https:\/\/hotelcontinental.no\/kontakt-apenhetsloven\/\",\"url\":\"https:\/\/hotelcontinental.no\/kontakt-apenhetsloven\/\",\"name\":\"\u00c5penhetsloven | Hotel Continental\",\"isPartOf\":{\"@id\":\"https:\/\/hotelcontinental.no\/#website\"},\"datePublished\":\"2025-10-05T16:39:32+00:00\",\"dateModified\":\"2026-02-27T11:46:17+00:00\",\"description\":\"Les om Hotel Continentals forpliktelser etter \u00e5penhetsloven og v\u00e5rt engasjement for etisk forretningspraksis.\",\"breadcrumb\":{\"@id\":\"https:\/\/hotelcontinental.no\/kontakt-apenhetsloven\/#breadcrumb\"},\"inLanguage\":\"en-US\",\"potentialAction\":[{\"@type\":\"ReadAction\",\"target\":[\"https:\/\/hotelcontinental.no\/kontakt-apenhetsloven\/\"]}]},{\"@type\":\"BreadcrumbList\",\"@id\":\"https:\/\/hotelcontinental.no\/kontakt-apenhetsloven\/#breadcrumb\",\"itemListElement\":[{\"@type\":\"ListItem\",\"position\":1,\"name\":\"Home\",\"item\":\"https:\/\/hotelcontinental.no\/\"},{\"@type\":\"ListItem\",\"position\":2,\"name\":\"\u00c5penhetsloven\"}]},{\"@type\":\"WebSite\",\"@id\":\"https:\/\/hotelcontinental.no\/#website\",\"url\":\"https:\/\/hotelcontinental.no\/\",\"name\":\"HOTEL CONTINENTAL\",\"description\":\"\",\"potentialAction\":[{\"@type\":\"SearchAction\",\"target\":{\"@type\":\"EntryPoint\",\"urlTemplate\":\"https:\/\/hotelcontinental.no\/?s={search_term_string}\"},\"query-input\":{\"@type\":\"PropertyValueSpecification\",\"valueRequired\":true,\"valueName\":\"search_term_string\"}}],\"inLanguage\":\"en-US\"}]}<\/script>\n<!-- \/ Yoast SEO plugin. -->","yoast_head_json":{"title":"Transparency Act | Hotel Continental","description":"Read about Hotel Continental's obligations under the Norwegian Transparency Act and our commitment to ethical business practices.","robots":{"index":"index","follow":"follow","max-snippet":"max-snippet:-1","max-image-preview":"max-image-preview:large","max-video-preview":"max-video-preview:-1"},"canonical":"https:\/\/hotelcontinental.no\/en\/transparency-act\/","og_locale":"en_US","og_type":"article","og_title":"\u00c5penhetsloven | Hotel Continental","og_description":"Les om Hotel Continentals forpliktelser etter \u00e5penhetsloven og v\u00e5rt engasjement for etisk forretningspraksis.","og_url":"https:\/\/hotelcontinental.no\/en\/transparency-act\/","og_site_name":"HOTEL CONTINENTAL","article_modified_time":"2026-02-27T11:46:17+00:00","twitter_card":"summary_large_image","schema":{"@context":"https:\/\/schema.org","@graph":[{"@type":"WebPage","@id":"https:\/\/hotelcontinental.no\/kontakt-apenhetsloven\/","url":"https:\/\/hotelcontinental.no\/kontakt-apenhetsloven\/","name":"Transparency Act | Hotel Continental","isPartOf":{"@id":"https:\/\/hotelcontinental.no\/#website"},"datePublished":"2025-10-05T16:39:32+00:00","dateModified":"2026-02-27T11:46:17+00:00","description":"Read about Hotel Continental's obligations under the Norwegian Transparency Act and our commitment to ethical business practices.","breadcrumb":{"@id":"https:\/\/hotelcontinental.no\/kontakt-apenhetsloven\/#breadcrumb"},"inLanguage":"en-US","potentialAction":[{"@type":"ReadAction","target":["https:\/\/hotelcontinental.no\/kontakt-apenhetsloven\/"]}]},{"@type":"BreadcrumbList","@id":"https:\/\/hotelcontinental.no\/kontakt-apenhetsloven\/#breadcrumb","itemListElement":[{"@type":"ListItem","position":1,"name":"Home","item":"https:\/\/hotelcontinental.no\/"},{"@type":"ListItem","position":2,"name":"\u00c5penhetsloven"}]},{"@type":"WebSite","@id":"https:\/\/hotelcontinental.no\/#website","url":"https:\/\/hotelcontinental.no\/","name":"CONTINENTAL HOTEL","description":"","potentialAction":[{"@type":"SearchAction","target":{"@type":"EntryPoint","urlTemplate":"https:\/\/hotelcontinental.no\/?s={search_term_string}"},"query-input":{"@type":"PropertyValueSpecification","valueRequired":true,"valueName":"search_term_string"}}],"inLanguage":"en-US"}]}},"_links":{"self":[{"href":"https:\/\/hotelcontinental.no\/en\/wp-json\/wp\/v2\/pages\/1902","targetHints":{"allow":["GET"]}}],"collection":[{"href":"https:\/\/hotelcontinental.no\/en\/wp-json\/wp\/v2\/pages"}],"about":[{"href":"https:\/\/hotelcontinental.no\/en\/wp-json\/wp\/v2\/types\/page"}],"author":[{"embeddable":true,"href":"https:\/\/hotelcontinental.no\/en\/wp-json\/wp\/v2\/users\/1"}],"replies":[{"embeddable":true,"href":"https:\/\/hotelcontinental.no\/en\/wp-json\/wp\/v2\/comments?post=1902"}],"version-history":[{"count":5,"href":"https:\/\/hotelcontinental.no\/en\/wp-json\/wp\/v2\/pages\/1902\/revisions"}],"predecessor-version":[{"id":2651,"href":"https:\/\/hotelcontinental.no\/en\/wp-json\/wp\/v2\/pages\/1902\/revisions\/2651"}],"wp:attachment":[{"href":"https:\/\/hotelcontinental.no\/en\/wp-json\/wp\/v2\/media?parent=1902"}],"curies":[{"name":"wp","href":"https:\/\/api.w.org\/{rel}","templated":true}]}}