{"id":1986,"date":"2025-10-03T16:56:12","date_gmt":"2025-10-03T16:56:12","guid":{"rendered":"https:\/\/hotelcontinental.no\/continental-event\/?page_id=1986"},"modified":"2026-02-27T09:14:30","modified_gmt":"2026-02-27T09:14:30","slug":"about","status":"publish","type":"page","link":"https:\/\/hotelcontinental.no\/continental-event\/en\/about\/","title":{"rendered":"About Us"},"content":{"rendered":"","protected":false},"excerpt":{"rendered":"","protected":false},"author":1,"featured_media":0,"parent":0,"menu_order":10,"comment_status":"closed","ping_status":"closed","template":"about-us-hc.php","meta":{"_acf_changed":false,"inline_featured_image":false,"footnotes":""},"class_list":["post-1986","page","type-page","status-publish","hentry"],"acf":[],"yoast_head":"<!-- This site is optimized with the Yoast SEO plugin v25.8 - https:\/\/yoast.com\/wordpress\/plugins\/seo\/ -->\n<title>Om Continental Event i Oslo | Continental Event<\/title>\n<meta name=\"description\" content=\"Vi er en av Oslos mest popul\u00e6re m\u00f8teplasser for konferanser, m\u00f8ter, bryllup, merkedager, julebord, fest og moro. Velkommen til Continental Event!\" \/>\n<meta name=\"robots\" content=\"index, follow, max-snippet:-1, max-image-preview:large, max-video-preview:-1\" \/>\n<link rel=\"canonical\" href=\"https:\/\/hotelcontinental.no\/continental-event\/en\/about\/\" \/>\n<meta property=\"og:locale\" content=\"en_US\" \/>\n<meta property=\"og:type\" content=\"article\" \/>\n<meta property=\"og:title\" content=\"Om Continental Event i Oslo | Continental Event\" \/>\n<meta property=\"og:description\" content=\"Vi er en av Oslos mest popul\u00e6re m\u00f8teplasser for konferanser, m\u00f8ter, bryllup, merkedager, julebord, fest og moro. Velkommen til Continental Event!\" \/>\n<meta property=\"og:url\" content=\"https:\/\/hotelcontinental.no\/continental-event\/en\/about\/\" \/>\n<meta property=\"og:site_name\" content=\"CONTINENTAL EVENT - HOTEL CONTINENTAL\" \/>\n<meta property=\"article:modified_time\" content=\"2026-02-27T09:14:30+00:00\" \/>\n<meta name=\"twitter:card\" content=\"summary_large_image\" \/>\n<script type=\"application\/ld+json\" class=\"yoast-schema-graph\">{\"@context\":\"https:\/\/schema.org\",\"@graph\":[{\"@type\":\"WebPage\",\"@id\":\"https:\/\/hotelcontinental.no\/continental-event\/om-continentalevent\/\",\"url\":\"https:\/\/hotelcontinental.no\/continental-event\/om-continentalevent\/\",\"name\":\"Om Continental Event i Oslo | Continental Event\",\"isPartOf\":{\"@id\":\"https:\/\/hotelcontinental.no\/continental-event\/en\/#website\"},\"datePublished\":\"2025-10-03T16:56:12+00:00\",\"dateModified\":\"2026-02-27T09:14:30+00:00\",\"description\":\"Vi er en av Oslos mest popul\u00e6re m\u00f8teplasser for konferanser, m\u00f8ter, bryllup, merkedager, julebord, fest og moro. Velkommen til Continental Event!\",\"breadcrumb\":{\"@id\":\"https:\/\/hotelcontinental.no\/continental-event\/om-continentalevent\/#breadcrumb\"},\"inLanguage\":\"en-US\",\"potentialAction\":[{\"@type\":\"ReadAction\",\"target\":[\"https:\/\/hotelcontinental.no\/continental-event\/om-continentalevent\/\"]}]},{\"@type\":\"BreadcrumbList\",\"@id\":\"https:\/\/hotelcontinental.no\/continental-event\/om-continentalevent\/#breadcrumb\",\"itemListElement\":[{\"@type\":\"ListItem\",\"position\":1,\"name\":\"Home\",\"item\":\"https:\/\/hotelcontinental.no\/continental-event\/\"},{\"@type\":\"ListItem\",\"position\":2,\"name\":\"Om oss\"}]},{\"@type\":\"WebSite\",\"@id\":\"https:\/\/hotelcontinental.no\/continental-event\/en\/#website\",\"url\":\"https:\/\/hotelcontinental.no\/continental-event\/en\/\",\"name\":\"CONTINENTAL EVENT - HOTEL CONTINENTAL\",\"description\":\"\",\"potentialAction\":[{\"@type\":\"SearchAction\",\"target\":{\"@type\":\"EntryPoint\",\"urlTemplate\":\"https:\/\/hotelcontinental.no\/continental-event\/en\/?s={search_term_string}\"},\"query-input\":{\"@type\":\"PropertyValueSpecification\",\"valueRequired\":true,\"valueName\":\"search_term_string\"}}],\"inLanguage\":\"en-US\"}]}<\/script>\n<!-- \/ Yoast SEO plugin. -->","yoast_head_json":{"title":"About Continental Event in Oslo | Continental Event","description":"We are one of Oslo's most popular venues for conferences, meetings, weddings, anniversaries, Christmas parties, parties and fun. Welcome to Continental Event!","robots":{"index":"index","follow":"follow","max-snippet":"max-snippet:-1","max-image-preview":"max-image-preview:large","max-video-preview":"max-video-preview:-1"},"canonical":"https:\/\/hotelcontinental.no\/continental-event\/en\/about\/","og_locale":"en_US","og_type":"article","og_title":"Om Continental Event i Oslo | Continental Event","og_description":"Vi er en av Oslos mest popul\u00e6re m\u00f8teplasser for konferanser, m\u00f8ter, bryllup, merkedager, julebord, fest og moro. Velkommen til Continental Event!","og_url":"https:\/\/hotelcontinental.no\/continental-event\/en\/about\/","og_site_name":"CONTINENTAL EVENT - HOTEL CONTINENTAL","article_modified_time":"2026-02-27T09:14:30+00:00","twitter_card":"summary_large_image","schema":{"@context":"https:\/\/schema.org","@graph":[{"@type":"WebPage","@id":"https:\/\/hotelcontinental.no\/continental-event\/om-continentalevent\/","url":"https:\/\/hotelcontinental.no\/continental-event\/om-continentalevent\/","name":"About Continental Event in Oslo | Continental Event","isPartOf":{"@id":"https:\/\/hotelcontinental.no\/continental-event\/en\/#website"},"datePublished":"2025-10-03T16:56:12+00:00","dateModified":"2026-02-27T09:14:30+00:00","description":"We are one of Oslo's most popular venues for conferences, meetings, weddings, anniversaries, Christmas parties, parties and fun. Welcome to Continental Event!","breadcrumb":{"@id":"https:\/\/hotelcontinental.no\/continental-event\/om-continentalevent\/#breadcrumb"},"inLanguage":"en-US","potentialAction":[{"@type":"ReadAction","target":["https:\/\/hotelcontinental.no\/continental-event\/om-continentalevent\/"]}]},{"@type":"BreadcrumbList","@id":"https:\/\/hotelcontinental.no\/continental-event\/om-continentalevent\/#breadcrumb","itemListElement":[{"@type":"ListItem","position":1,"name":"Home","item":"https:\/\/hotelcontinental.no\/continental-event\/"},{"@type":"ListItem","position":2,"name":"Om oss"}]},{"@type":"WebSite","@id":"https:\/\/hotelcontinental.no\/continental-event\/en\/#website","url":"https:\/\/hotelcontinental.no\/continental-event\/en\/","name":"CONTINENTAL EVENT - HOTEL CONTINENTAL","description":"","potentialAction":[{"@type":"SearchAction","target":{"@type":"EntryPoint","urlTemplate":"https:\/\/hotelcontinental.no\/continental-event\/en\/?s={search_term_string}"},"query-input":{"@type":"PropertyValueSpecification","valueRequired":true,"valueName":"search_term_string"}}],"inLanguage":"en-US"}]}},"_links":{"self":[{"href":"https:\/\/hotelcontinental.no\/continental-event\/en\/wp-json\/wp\/v2\/pages\/1986","targetHints":{"allow":["GET"]}}],"collection":[{"href":"https:\/\/hotelcontinental.no\/continental-event\/en\/wp-json\/wp\/v2\/pages"}],"about":[{"href":"https:\/\/hotelcontinental.no\/continental-event\/en\/wp-json\/wp\/v2\/types\/page"}],"author":[{"embeddable":true,"href":"https:\/\/hotelcontinental.no\/continental-event\/en\/wp-json\/wp\/v2\/users\/1"}],"replies":[{"embeddable":true,"href":"https:\/\/hotelcontinental.no\/continental-event\/en\/wp-json\/wp\/v2\/comments?post=1986"}],"version-history":[{"count":7,"href":"https:\/\/hotelcontinental.no\/continental-event\/en\/wp-json\/wp\/v2\/pages\/1986\/revisions"}],"predecessor-version":[{"id":3011,"href":"https:\/\/hotelcontinental.no\/continental-event\/en\/wp-json\/wp\/v2\/pages\/1986\/revisions\/3011"}],"wp:attachment":[{"href":"https:\/\/hotelcontinental.no\/continental-event\/en\/wp-json\/wp\/v2\/media?parent=1986"}],"curies":[{"name":"wp","href":"https:\/\/api.w.org\/{rel}","templated":true}]}}