{"id":1358,"date":"2025-08-22T05:01:15","date_gmt":"2025-08-22T05:01:15","guid":{"rendered":"https:\/\/hotelcontinental.no\/?page_id=1358"},"modified":"2026-02-27T10:03:44","modified_gmt":"2026-02-27T10:03:44","slug":"we-offer","status":"publish","type":"page","link":"https:\/\/hotelcontinental.no\/continental-event\/en\/we-offer\/","title":{"rendered":"Five-star experiences"},"content":{"rendered":"","protected":false},"excerpt":{"rendered":"","protected":false},"author":1,"featured_media":0,"parent":0,"menu_order":10,"comment_status":"closed","ping_status":"closed","template":"offers.php","meta":{"_acf_changed":false,"inline_featured_image":false,"footnotes":""},"class_list":["post-1358","page","type-page","status-publish","hentry"],"acf":[],"yoast_head":"<!-- This site is optimized with the Yoast SEO plugin v25.8 - https:\/\/yoast.com\/wordpress\/plugins\/seo\/ -->\n<title>Mat, blomster, musikk og overnatting | Continental Event<\/title>\n<meta name=\"description\" content=\"N\u00e5r hver minste detalj teller er det godt \u00e5 ha et dyktig team som s\u00f8rger for femstjerners service helt fra du booker til siste gjest har dratt hjem.\" \/>\n<meta name=\"robots\" content=\"index, follow, max-snippet:-1, max-image-preview:large, max-video-preview:-1\" \/>\n<link rel=\"canonical\" href=\"https:\/\/hotelcontinental.no\/continental-event\/en\/we-offer\/\" \/>\n<meta property=\"og:locale\" content=\"en_US\" \/>\n<meta property=\"og:type\" content=\"article\" \/>\n<meta property=\"og:title\" content=\"Mat, blomster, musikk og overnatting | Continental Event\" \/>\n<meta property=\"og:description\" content=\"N\u00e5r hver minste detalj teller er det godt \u00e5 ha et dyktig team som s\u00f8rger for femstjerners service helt fra du booker til siste gjest har dratt hjem.\" \/>\n<meta property=\"og:url\" content=\"https:\/\/hotelcontinental.no\/continental-event\/en\/we-offer\/\" \/>\n<meta property=\"og:site_name\" content=\"CONTINENTAL EVENT - HOTEL CONTINENTAL\" \/>\n<meta property=\"article:modified_time\" content=\"2026-02-27T10:03:44+00:00\" \/>\n<meta name=\"twitter:card\" content=\"summary_large_image\" \/>\n<script type=\"application\/ld+json\" class=\"yoast-schema-graph\">{\"@context\":\"https:\/\/schema.org\",\"@graph\":[{\"@type\":\"WebPage\",\"@id\":\"https:\/\/hotelcontinental.no\/continental-event\/vi-tilbyr\/\",\"url\":\"https:\/\/hotelcontinental.no\/continental-event\/vi-tilbyr\/\",\"name\":\"Mat, blomster, musikk og overnatting | Continental Event\",\"isPartOf\":{\"@id\":\"https:\/\/hotelcontinental.no\/continental-event\/en\/#website\"},\"datePublished\":\"2025-08-22T05:01:15+00:00\",\"dateModified\":\"2026-02-27T10:03:44+00:00\",\"description\":\"N\u00e5r hver minste detalj teller er det godt \u00e5 ha et dyktig team som s\u00f8rger for femstjerners service helt fra du booker til siste gjest har dratt hjem.\",\"breadcrumb\":{\"@id\":\"https:\/\/hotelcontinental.no\/continental-event\/vi-tilbyr\/#breadcrumb\"},\"inLanguage\":\"en-US\",\"potentialAction\":[{\"@type\":\"ReadAction\",\"target\":[\"https:\/\/hotelcontinental.no\/continental-event\/vi-tilbyr\/\"]}]},{\"@type\":\"BreadcrumbList\",\"@id\":\"https:\/\/hotelcontinental.no\/continental-event\/vi-tilbyr\/#breadcrumb\",\"itemListElement\":[{\"@type\":\"ListItem\",\"position\":1,\"name\":\"Home\",\"item\":\"https:\/\/hotelcontinental.no\/continental-event\/\"},{\"@type\":\"ListItem\",\"position\":2,\"name\":\"Femstjerners opplevelser\"}]},{\"@type\":\"WebSite\",\"@id\":\"https:\/\/hotelcontinental.no\/continental-event\/en\/#website\",\"url\":\"https:\/\/hotelcontinental.no\/continental-event\/en\/\",\"name\":\"CONTINENTAL EVENT - HOTEL CONTINENTAL\",\"description\":\"\",\"potentialAction\":[{\"@type\":\"SearchAction\",\"target\":{\"@type\":\"EntryPoint\",\"urlTemplate\":\"https:\/\/hotelcontinental.no\/continental-event\/en\/?s={search_term_string}\"},\"query-input\":{\"@type\":\"PropertyValueSpecification\",\"valueRequired\":true,\"valueName\":\"search_term_string\"}}],\"inLanguage\":\"en-US\"}]}<\/script>\n<!-- \/ Yoast SEO plugin. -->","yoast_head_json":{"title":"Food, Flowers, Music &amp; Accommodation | Continental Event","description":"When every detail counts, it's good to have a skilled team that provides five-star service from the moment you book until the last guest has gone home.","robots":{"index":"index","follow":"follow","max-snippet":"max-snippet:-1","max-image-preview":"max-image-preview:large","max-video-preview":"max-video-preview:-1"},"canonical":"https:\/\/hotelcontinental.no\/continental-event\/en\/we-offer\/","og_locale":"en_US","og_type":"article","og_title":"Mat, blomster, musikk og overnatting | Continental Event","og_description":"N\u00e5r hver minste detalj teller er det godt \u00e5 ha et dyktig team som s\u00f8rger for femstjerners service helt fra du booker til siste gjest har dratt hjem.","og_url":"https:\/\/hotelcontinental.no\/continental-event\/en\/we-offer\/","og_site_name":"CONTINENTAL EVENT - HOTEL CONTINENTAL","article_modified_time":"2026-02-27T10:03:44+00:00","twitter_card":"summary_large_image","schema":{"@context":"https:\/\/schema.org","@graph":[{"@type":"WebPage","@id":"https:\/\/hotelcontinental.no\/continental-event\/vi-tilbyr\/","url":"https:\/\/hotelcontinental.no\/continental-event\/vi-tilbyr\/","name":"Food, Flowers, Music &amp; Accommodation | Continental Event","isPartOf":{"@id":"https:\/\/hotelcontinental.no\/continental-event\/en\/#website"},"datePublished":"2025-08-22T05:01:15+00:00","dateModified":"2026-02-27T10:03:44+00:00","description":"When every detail counts, it's good to have a skilled team that provides five-star service from the moment you book until the last guest has gone home.","breadcrumb":{"@id":"https:\/\/hotelcontinental.no\/continental-event\/vi-tilbyr\/#breadcrumb"},"inLanguage":"en-US","potentialAction":[{"@type":"ReadAction","target":["https:\/\/hotelcontinental.no\/continental-event\/vi-tilbyr\/"]}]},{"@type":"BreadcrumbList","@id":"https:\/\/hotelcontinental.no\/continental-event\/vi-tilbyr\/#breadcrumb","itemListElement":[{"@type":"ListItem","position":1,"name":"Home","item":"https:\/\/hotelcontinental.no\/continental-event\/"},{"@type":"ListItem","position":2,"name":"Femstjerners opplevelser"}]},{"@type":"WebSite","@id":"https:\/\/hotelcontinental.no\/continental-event\/en\/#website","url":"https:\/\/hotelcontinental.no\/continental-event\/en\/","name":"CONTINENTAL EVENT - HOTEL CONTINENTAL","description":"","potentialAction":[{"@type":"SearchAction","target":{"@type":"EntryPoint","urlTemplate":"https:\/\/hotelcontinental.no\/continental-event\/en\/?s={search_term_string}"},"query-input":{"@type":"PropertyValueSpecification","valueRequired":true,"valueName":"search_term_string"}}],"inLanguage":"en-US"}]}},"_links":{"self":[{"href":"https:\/\/hotelcontinental.no\/continental-event\/en\/wp-json\/wp\/v2\/pages\/1358","targetHints":{"allow":["GET"]}}],"collection":[{"href":"https:\/\/hotelcontinental.no\/continental-event\/en\/wp-json\/wp\/v2\/pages"}],"about":[{"href":"https:\/\/hotelcontinental.no\/continental-event\/en\/wp-json\/wp\/v2\/types\/page"}],"author":[{"embeddable":true,"href":"https:\/\/hotelcontinental.no\/continental-event\/en\/wp-json\/wp\/v2\/users\/1"}],"replies":[{"embeddable":true,"href":"https:\/\/hotelcontinental.no\/continental-event\/en\/wp-json\/wp\/v2\/comments?post=1358"}],"version-history":[{"count":31,"href":"https:\/\/hotelcontinental.no\/continental-event\/en\/wp-json\/wp\/v2\/pages\/1358\/revisions"}],"predecessor-version":[{"id":3155,"href":"https:\/\/hotelcontinental.no\/continental-event\/en\/wp-json\/wp\/v2\/pages\/1358\/revisions\/3155"}],"wp:attachment":[{"href":"https:\/\/hotelcontinental.no\/continental-event\/en\/wp-json\/wp\/v2\/media?parent=1358"}],"curies":[{"name":"wp","href":"https:\/\/api.w.org\/{rel}","templated":true}]}}