{"id":1355,"date":"2025-08-22T05:01:13","date_gmt":"2025-08-22T05:01:13","guid":{"rendered":"https:\/\/hotelcontinental.no\/?page_id=1355"},"modified":"2026-02-27T07:31:54","modified_gmt":"2026-02-27T07:31:54","slug":"special-occasions","status":"publish","type":"page","link":"https:\/\/hotelcontinental.no\/continental-event\/en\/special-occasions\/","title":{"rendered":"Special occasions"},"content":{"rendered":"","protected":false},"excerpt":{"rendered":"","protected":false},"author":1,"featured_media":0,"parent":0,"menu_order":12,"comment_status":"closed","ping_status":"closed","template":"special-occasion.php","meta":{"_acf_changed":false,"inline_featured_image":false,"footnotes":""},"class_list":["post-1355","page","type-page","status-publish","hentry"],"acf":[],"yoast_head":"<!-- This site is optimized with the Yoast SEO plugin v25.8 - https:\/\/yoast.com\/wordpress\/plugins\/seo\/ -->\n<title>Bursdag, d\u00e5p, konfirmasjon og jubileum | Continental Event<\/title>\n<meta name=\"description\" content=\"Det er mange dager i l\u00f8pet av livet som vi \u00f8nsker \u00e5 markere litt ekstra. Vi har god erfaring med alt fra d\u00e5p og konfirmasjon til jubileum og minnestunder.\" \/>\n<meta name=\"robots\" content=\"index, follow, max-snippet:-1, max-image-preview:large, max-video-preview:-1\" \/>\n<link rel=\"canonical\" href=\"https:\/\/hotelcontinental.no\/continental-event\/en\/special-occasions\/\" \/>\n<meta property=\"og:locale\" content=\"en_US\" \/>\n<meta property=\"og:type\" content=\"article\" \/>\n<meta property=\"og:title\" content=\"Bursdag, d\u00e5p, konfirmasjon og jubileum | Continental Event\" \/>\n<meta property=\"og:description\" content=\"Det er mange dager i l\u00f8pet av livet som vi \u00f8nsker \u00e5 markere litt ekstra. Vi har god erfaring med alt fra d\u00e5p og konfirmasjon til jubileum og minnestunder.\" \/>\n<meta property=\"og:url\" content=\"https:\/\/hotelcontinental.no\/continental-event\/en\/special-occasions\/\" \/>\n<meta property=\"og:site_name\" content=\"CONTINENTAL EVENT - HOTEL CONTINENTAL\" \/>\n<meta property=\"article:modified_time\" content=\"2026-02-27T07:31:54+00:00\" \/>\n<meta name=\"twitter:card\" content=\"summary_large_image\" \/>\n<script type=\"application\/ld+json\" class=\"yoast-schema-graph\">{\"@context\":\"https:\/\/schema.org\",\"@graph\":[{\"@type\":\"WebPage\",\"@id\":\"https:\/\/hotelcontinental.no\/continental-event\/feiringer\/\",\"url\":\"https:\/\/hotelcontinental.no\/continental-event\/feiringer\/\",\"name\":\"Bursdag, d\u00e5p, konfirmasjon og jubileum | Continental Event\",\"isPartOf\":{\"@id\":\"https:\/\/hotelcontinental.no\/continental-event\/en\/#website\"},\"datePublished\":\"2025-08-22T05:01:13+00:00\",\"dateModified\":\"2026-02-27T07:31:54+00:00\",\"description\":\"Det er mange dager i l\u00f8pet av livet som vi \u00f8nsker \u00e5 markere litt ekstra. Vi har god erfaring med alt fra d\u00e5p og konfirmasjon til jubileum og minnestunder.\",\"breadcrumb\":{\"@id\":\"https:\/\/hotelcontinental.no\/continental-event\/feiringer\/#breadcrumb\"},\"inLanguage\":\"en-US\",\"potentialAction\":[{\"@type\":\"ReadAction\",\"target\":[\"https:\/\/hotelcontinental.no\/continental-event\/feiringer\/\"]}]},{\"@type\":\"BreadcrumbList\",\"@id\":\"https:\/\/hotelcontinental.no\/continental-event\/feiringer\/#breadcrumb\",\"itemListElement\":[{\"@type\":\"ListItem\",\"position\":1,\"name\":\"Home\",\"item\":\"https:\/\/hotelcontinental.no\/continental-event\/\"},{\"@type\":\"ListItem\",\"position\":2,\"name\":\"Feiringer\"}]},{\"@type\":\"WebSite\",\"@id\":\"https:\/\/hotelcontinental.no\/continental-event\/en\/#website\",\"url\":\"https:\/\/hotelcontinental.no\/continental-event\/en\/\",\"name\":\"CONTINENTAL EVENT - HOTEL CONTINENTAL\",\"description\":\"\",\"potentialAction\":[{\"@type\":\"SearchAction\",\"target\":{\"@type\":\"EntryPoint\",\"urlTemplate\":\"https:\/\/hotelcontinental.no\/continental-event\/en\/?s={search_term_string}\"},\"query-input\":{\"@type\":\"PropertyValueSpecification\",\"valueRequired\":true,\"valueName\":\"search_term_string\"}}],\"inLanguage\":\"en-US\"}]}<\/script>\n<!-- \/ Yoast SEO plugin. -->","yoast_head_json":{"title":"Birthday, Christening &amp; Celebrations | Continental Event","description":"Mark life's special moments in style. We have experience with christenings, confirmations, anniversaries, memorials and more.","robots":{"index":"index","follow":"follow","max-snippet":"max-snippet:-1","max-image-preview":"max-image-preview:large","max-video-preview":"max-video-preview:-1"},"canonical":"https:\/\/hotelcontinental.no\/continental-event\/en\/special-occasions\/","og_locale":"en_US","og_type":"article","og_title":"Bursdag, d\u00e5p, konfirmasjon og jubileum | Continental Event","og_description":"Det er mange dager i l\u00f8pet av livet som vi \u00f8nsker \u00e5 markere litt ekstra. Vi har god erfaring med alt fra d\u00e5p og konfirmasjon til jubileum og minnestunder.","og_url":"https:\/\/hotelcontinental.no\/continental-event\/en\/special-occasions\/","og_site_name":"CONTINENTAL EVENT - HOTEL CONTINENTAL","article_modified_time":"2026-02-27T07:31:54+00:00","twitter_card":"summary_large_image","schema":{"@context":"https:\/\/schema.org","@graph":[{"@type":"WebPage","@id":"https:\/\/hotelcontinental.no\/continental-event\/feiringer\/","url":"https:\/\/hotelcontinental.no\/continental-event\/feiringer\/","name":"Birthday, Christening &amp; Celebrations | Continental Event","isPartOf":{"@id":"https:\/\/hotelcontinental.no\/continental-event\/en\/#website"},"datePublished":"2025-08-22T05:01:13+00:00","dateModified":"2026-02-27T07:31:54+00:00","description":"Mark life's special moments in style. We have experience with christenings, confirmations, anniversaries, memorials and more.","breadcrumb":{"@id":"https:\/\/hotelcontinental.no\/continental-event\/feiringer\/#breadcrumb"},"inLanguage":"en-US","potentialAction":[{"@type":"ReadAction","target":["https:\/\/hotelcontinental.no\/continental-event\/feiringer\/"]}]},{"@type":"BreadcrumbList","@id":"https:\/\/hotelcontinental.no\/continental-event\/feiringer\/#breadcrumb","itemListElement":[{"@type":"ListItem","position":1,"name":"Home","item":"https:\/\/hotelcontinental.no\/continental-event\/"},{"@type":"ListItem","position":2,"name":"Feiringer"}]},{"@type":"WebSite","@id":"https:\/\/hotelcontinental.no\/continental-event\/en\/#website","url":"https:\/\/hotelcontinental.no\/continental-event\/en\/","name":"CONTINENTAL EVENT - HOTEL CONTINENTAL","description":"","potentialAction":[{"@type":"SearchAction","target":{"@type":"EntryPoint","urlTemplate":"https:\/\/hotelcontinental.no\/continental-event\/en\/?s={search_term_string}"},"query-input":{"@type":"PropertyValueSpecification","valueRequired":true,"valueName":"search_term_string"}}],"inLanguage":"en-US"}]}},"_links":{"self":[{"href":"https:\/\/hotelcontinental.no\/continental-event\/en\/wp-json\/wp\/v2\/pages\/1355","targetHints":{"allow":["GET"]}}],"collection":[{"href":"https:\/\/hotelcontinental.no\/continental-event\/en\/wp-json\/wp\/v2\/pages"}],"about":[{"href":"https:\/\/hotelcontinental.no\/continental-event\/en\/wp-json\/wp\/v2\/types\/page"}],"author":[{"embeddable":true,"href":"https:\/\/hotelcontinental.no\/continental-event\/en\/wp-json\/wp\/v2\/users\/1"}],"replies":[{"embeddable":true,"href":"https:\/\/hotelcontinental.no\/continental-event\/en\/wp-json\/wp\/v2\/comments?post=1355"}],"version-history":[{"count":20,"href":"https:\/\/hotelcontinental.no\/continental-event\/en\/wp-json\/wp\/v2\/pages\/1355\/revisions"}],"predecessor-version":[{"id":3158,"href":"https:\/\/hotelcontinental.no\/continental-event\/en\/wp-json\/wp\/v2\/pages\/1355\/revisions\/3158"}],"wp:attachment":[{"href":"https:\/\/hotelcontinental.no\/continental-event\/en\/wp-json\/wp\/v2\/media?parent=1355"}],"curies":[{"name":"wp","href":"https:\/\/api.w.org\/{rel}","templated":true}]}}